{"id":5619,"date":"2021-03-19T17:15:37","date_gmt":"2021-03-19T16:15:37","guid":{"rendered":"http:\/\/www.siniscalchiassociati.it\/?page_id=5619"},"modified":"2021-04-02T17:16:35","modified_gmt":"2021-04-02T15:16:35","slug":"servizi-2","status":"publish","type":"page","link":"https:\/\/www.siniscalchiassociati.it\/?page_id=5619&lang=it","title":{"rendered":"Servizi"},"content":{"rendered":"<p>[vc_row parallax=&#8221;content-moving&#8221; parallax_image=&#8221;5781&#8243; css_animation=&#8221;fadeIn&#8221; css=&#8221;.vc_custom_1617376588306{background-color: rgba(255,255,255,0.01) !important;*background-color: rgb(255,255,255) !important;}&#8221; parallax_background_image=&#8221;1259&#8243; parallax_bg_speed=&#8221;1&#8243;][vc_column css=&#8221;.vc_custom_1617011524215{padding-top: 100px !important;padding-bottom: 100px !important;background-color: rgba(0,0,0,0.25) !important;*background-color: rgb(0,0,0) !important;}&#8221;][vc_column_text css_animation=&#8221;fadeIn&#8221;]<\/p>\n<h1 style=\"text-align: center;\">Servizi<\/h1>\n<p>[\/vc_column_text][\/vc_column][\/vc_row][vc_row][vc_column][vc_empty_space height=&#8221;30px&#8221;][\/vc_column][\/vc_row][vc_row gap=&#8221;30&#8243; css_animation=&#8221;fadeIn&#8221; row_content_width=&#8221;grid&#8221; simple_background_color=&#8221;rgba(255,255,255,0.37)&#8221;][vc_column width=&#8221;5\/6&#8243;][vc_column_text css_animation=&#8221;fadeIn&#8221; css=&#8221;.vc_custom_1617195234969{padding-top: 30px !important;padding-bottom: 30px !important;}&#8221;]<\/p>\n<h2 style=\"text-align: left; font-size: 35px; line-height: 1.2;\">Lo Studio Legale Siniscalchi offre consulenza ed assistenza sia in ambito giudiziale che stragiudiziale, nelle seguenti materie:<\/h2>\n<p>[\/vc_column_text][\/vc_column][vc_column width=&#8221;1\/6&#8243;][\/vc_column][\/vc_row][vc_row][vc_column][vc_empty_space height=&#8221;30px&#8221;][\/vc_column][\/vc_row][vc_row gap=&#8221;30&#8243; css_animation=&#8221;fadeIn&#8221; row_content_width=&#8221;grid&#8221; simple_background_color=&#8221;rgba(255,255,255,0.37)&#8221;][vc_column width=&#8221;2\/3&#8243;][vc_column_text css_animation=&#8221;none&#8221; css=&#8221;.vc_custom_1617194214385{padding-top: 30px !important;padding-bottom: 30px !important;}&#8221;]<\/p>\n<h2>DIRITTO PENALE DELL&#8217;ECONOMIA<\/h2>\n<h2>[\/vc_column_text][vc_column_text]<\/h2>\n<p class=\"p1\">Lo Studio \u00e8 esperto di reati fallimentari, falso in bilancio, insider trading, aggiotaggio, false comunicazioni alla CONSOB, riciclaggio, autoriciclaggio e reati societari in generale; ha assistito societ\u00e0 quotate coinvolte nelle pi\u00f9 importanti inchieste nazionali<\/p>\n<p>[\/vc_column_text][vc_separator align=&#8221;align_left&#8221; border_width=&#8221;3&#8243; el_width=&#8221;50&#8243; css=&#8221;.vc_custom_1616076331326{padding-top: 30px !important;padding-bottom: 30px !important;}&#8221;][\/vc_column][vc_column width=&#8221;1\/3&#8243;][\/vc_column][\/vc_row][vc_row gap=&#8221;30&#8243; css_animation=&#8221;fadeIn&#8221; row_content_width=&#8221;grid&#8221; simple_background_color=&#8221;#f6f6f6&#8243;][vc_column width=&#8221;2\/3&#8243;][vc_column_text css_animation=&#8221;none&#8221; css=&#8221;.vc_custom_1617023077239{padding-top: 30px !important;padding-bottom: 30px !important;}&#8221;]<\/p>\n<h2>DIRITTO PENALE TRIBUTARIO<\/h2>\n<p>[\/vc_column_text][vc_column_text]<\/p>\n<p class=\"p1\">Lo Studio assiste imprese nazionali ed internazionali coinvolte in processi aventi ad oggetto violazioni della normativa penale tributaria. Ha maturato una larga esperienza in merito alle contestazioni in tema di cosiddetta \u201cestero vestizione\u201d, di costituzione da parte di societ\u00e0 straniere di stabili organizzazioni occulte, di condotte elusive, contrabbando ed evasione dell\u2019IVA all\u2019importazione ed in generale di frodi fiscali.<\/p>\n<p>[\/vc_column_text][vc_separator align=&#8221;align_left&#8221; border_width=&#8221;3&#8243; el_width=&#8221;50&#8243; css=&#8221;.vc_custom_1616076331326{padding-top: 30px !important;padding-bottom: 30px !important;}&#8221;][\/vc_column][vc_column width=&#8221;1\/3&#8243;][\/vc_column][\/vc_row][vc_row gap=&#8221;30&#8243; css_animation=&#8221;fadeIn&#8221; row_content_width=&#8221;grid&#8221; simple_background_color=&#8221;rgba(255,255,255,0.37)&#8221;][vc_column width=&#8221;2\/3&#8243;][vc_column_text css_animation=&#8221;none&#8221; css=&#8221;.vc_custom_1616076574161{padding-top: 30px !important;padding-bottom: 30px !important;}&#8221;]<\/p>\n<h2>DIRITTO PENALE DELLA PUBBLICA AMMINISTRAZIONE<\/h2>\n<p>[\/vc_column_text][vc_column_text]<\/p>\n<p class=\"p1\">L\u2019avv. Siniscalchi si \u00e8 occupato dei pi\u00f9 importanti processi in tema di reati contro la Pubblica Amministrazione, a partire da Tangentopoli per arrivare alle pi\u00f9 recenti inchieste giudiziarie in tema di corruzione e di truffa ai danni dello Stato.<\/p>\n<p>[\/vc_column_text][vc_separator align=&#8221;align_left&#8221; border_width=&#8221;3&#8243; el_width=&#8221;50&#8243; css=&#8221;.vc_custom_1616076331326{padding-top: 30px !important;padding-bottom: 30px !important;}&#8221;][\/vc_column][vc_column width=&#8221;1\/3&#8243;][\/vc_column][\/vc_row][vc_row gap=&#8221;30&#8243; css_animation=&#8221;fadeIn&#8221; row_content_width=&#8221;grid&#8221; simple_background_color=&#8221;#f6f6f6&#8243;][vc_column width=&#8221;2\/3&#8243;][vc_column_text css_animation=&#8221;none&#8221; css=&#8221;.vc_custom_1616076586805{padding-top: 30px !important;padding-bottom: 30px !important;}&#8221;]<\/p>\n<h2>DIRITTO PENALE DELL&#8217;AMBIENTE<\/h2>\n<p>[\/vc_column_text][vc_column_text]<\/p>\n<p class=\"p1\">Lo Studio si \u00e8 occupato di rilevanti inchieste aventi ad oggetto disastri ambientali, illeciti smaltimenti dei rifiuti ed avvelenamenti di acque che hanno coinvolto importanti gruppi societari.<\/p>\n<p>[\/vc_column_text][vc_separator align=&#8221;align_left&#8221; border_width=&#8221;3&#8243; el_width=&#8221;50&#8243; css=&#8221;.vc_custom_1616076331326{padding-top: 30px !important;padding-bottom: 30px !important;}&#8221;][\/vc_column][vc_column width=&#8221;1\/3&#8243;][\/vc_column][\/vc_row][vc_row gap=&#8221;30&#8243; css_animation=&#8221;fadeIn&#8221; row_content_width=&#8221;grid&#8221; simple_background_color=&#8221;#ffffff&#8221;][vc_column width=&#8221;2\/3&#8243;][vc_column_text css_animation=&#8221;none&#8221; css=&#8221;.vc_custom_1616076594469{padding-top: 30px !important;padding-bottom: 30px !important;}&#8221;]<\/p>\n<h2>diritto penale del lavoro<\/h2>\n<p>[\/vc_column_text][vc_column_text]<\/p>\n<p class=\"p1\">Lo Studio negli anni ha maturato una significativa esperienza in tema di infortuni sul lavoro e malattie professionali assistendo sia datori di lavoro che societ\u00e0 imputate ex D.Lgs. 231\/2001.<\/p>\n<p>[\/vc_column_text][vc_separator align=&#8221;align_left&#8221; border_width=&#8221;3&#8243; el_width=&#8221;50&#8243; css=&#8221;.vc_custom_1616076331326{padding-top: 30px !important;padding-bottom: 30px !important;}&#8221;][\/vc_column][vc_column width=&#8221;1\/3&#8243;][\/vc_column][\/vc_row][vc_row gap=&#8221;30&#8243; css_animation=&#8221;fadeIn&#8221; row_content_width=&#8221;grid&#8221; simple_background_color=&#8221;#f6f6f6&#8243;][vc_column width=&#8221;2\/3&#8243;][vc_column_text css_animation=&#8221;none&#8221; css=&#8221;.vc_custom_1616076616021{padding-top: 30px !important;padding-bottom: 30px !important;}&#8221;]<\/p>\n<h2>DIRITTO PENALE DELLA PROpRIET\u00c0 industriale e intellettuale<\/h2>\n<p>[\/vc_column_text][vc_column_text]<\/p>\n<p class=\"p1\">Lo Studio ha difeso importanti aziende in procedimenti penali connessi allo sfruttamento di marchi, brevetti e scoperte scientifiche e\/o industriali.<\/p>\n<p>[\/vc_column_text][vc_separator align=&#8221;align_left&#8221; border_width=&#8221;3&#8243; el_width=&#8221;50&#8243; css=&#8221;.vc_custom_1616076331326{padding-top: 30px !important;padding-bottom: 30px !important;}&#8221;][\/vc_column][vc_column width=&#8221;1\/3&#8243;][\/vc_column][\/vc_row][vc_row gap=&#8221;30&#8243; css_animation=&#8221;fadeIn&#8221; row_content_width=&#8221;grid&#8221;][vc_column width=&#8221;2\/3&#8243;][vc_column_text css_animation=&#8221;none&#8221; css=&#8221;.vc_custom_1616076662760{padding-top: 30px !important;padding-bottom: 30px !important;}&#8221;]<\/p>\n<h2>delitti colposi in generale<\/h2>\n<p>[\/vc_column_text][vc_column_text]<\/p>\n<p class=\"p1\">Lo Studio ha partecipato e partecipa ai pi\u00f9 importanti processi italiani in materia di disastri colposi aeronautici, ferroviari e relativi a crolli di importanti opere infrastrutturali. Si occupa inoltre di omicidi colposi e lesioni colpose commessi nell\u2019esercizio di attivit\u00e0 medica.<\/p>\n<p>[\/vc_column_text][vc_separator align=&#8221;align_left&#8221; border_width=&#8221;3&#8243; el_width=&#8221;50&#8243; css=&#8221;.vc_custom_1616076331326{padding-top: 30px !important;padding-bottom: 30px !important;}&#8221;][\/vc_column][vc_column width=&#8221;1\/3&#8243;][\/vc_column][\/vc_row][vc_row gap=&#8221;30&#8243; css_animation=&#8221;fadeIn&#8221; row_content_width=&#8221;grid&#8221; simple_background_color=&#8221;#f6f6f6&#8243;][vc_column width=&#8221;2\/3&#8243;][vc_column_text css_animation=&#8221;none&#8221; css=&#8221;.vc_custom_1616076683215{padding-top: 30px !important;padding-bottom: 30px !important;}&#8221;]<\/p>\n<h2>responsabilit\u00c0 amministrativa delle imprese ex d.lgs 231\/2001<\/h2>\n<p>[\/vc_column_text][vc_column_text]<\/p>\n<p class=\"p1\">I collaboratori dello studio ricoprono incarichi in organismi di vigilanza di societ\u00e0 di capitali e quotate. Si occupano della redazione e dell\u2019implementazione di Modelli di Organizzazione Gestione e Controllo ed in generale della consulenza in materia di compliance aziendale. Lo Studio ha maturato una significativa esperienza in tema di difesa dell\u2019ente imputato di illeciti amministrativi ai sensi del D.Lgs. 231\/2001.<\/p>\n<p>[\/vc_column_text][vc_separator align=&#8221;align_left&#8221; border_width=&#8221;3&#8243; el_width=&#8221;50&#8243; css=&#8221;.vc_custom_1616076331326{padding-top: 30px !important;padding-bottom: 30px !important;}&#8221;][\/vc_column][vc_column width=&#8221;1\/3&#8243;][\/vc_column][\/vc_row][vc_row gap=&#8221;30&#8243; css_animation=&#8221;fadeIn&#8221; row_content_width=&#8221;grid&#8221; simple_background_color=&#8221;rgba(255,255,255,0.37)&#8221;][vc_column width=&#8221;2\/3&#8243;][vc_column_text css_animation=&#8221;none&#8221; css=&#8221;.vc_custom_1616076713805{padding-top: 30px !important;padding-bottom: 30px !important;}&#8221;]<\/p>\n<h2>diritto dell&#8217;informazione e tutela della privacy<\/h2>\n<p>[\/vc_column_text][vc_column_text]<\/p>\n<p class=\"p1\">Lo studio \u00e8 esperto in diritto dell\u2019informazione e diffamazione a mezzo stampa ed assiste da molti anni le pi\u00f9 importanti testate giornalistiche e televisive di diffusione nazionale.<\/p>\n<p>[\/vc_column_text][vc_separator align=&#8221;align_left&#8221; border_width=&#8221;3&#8243; el_width=&#8221;50&#8243; css=&#8221;.vc_custom_1616076331326{padding-top: 30px !important;padding-bottom: 30px !important;}&#8221;][\/vc_column][vc_column width=&#8221;1\/3&#8243;][\/vc_column][\/vc_row][vc_row][vc_column][vc_empty_space height=&#8221;50px&#8221;][\/vc_column][\/vc_row]<\/p>\n","protected":false},"excerpt":{"rendered":"<p> [&hellip;]<\/p>\n","protected":false},"author":1,"featured_media":5781,"parent":0,"menu_order":3,"comment_status":"closed","ping_status":"closed","template":"full-width.php","meta":{"_vp_format_video_url":"","_vp_image_focal_point":[],"footnotes":""},"class_list":["post-5619","page","type-page","status-publish","has-post-thumbnail","hentry"],"_links":{"self":[{"href":"https:\/\/www.siniscalchiassociati.it\/index.php?rest_route=\/wp\/v2\/pages\/5619","targetHints":{"allow":["GET"]}}],"collection":[{"href":"https:\/\/www.siniscalchiassociati.it\/index.php?rest_route=\/wp\/v2\/pages"}],"about":[{"href":"https:\/\/www.siniscalchiassociati.it\/index.php?rest_route=\/wp\/v2\/types\/page"}],"author":[{"embeddable":true,"href":"https:\/\/www.siniscalchiassociati.it\/index.php?rest_route=\/wp\/v2\/users\/1"}],"replies":[{"embeddable":true,"href":"https:\/\/www.siniscalchiassociati.it\/index.php?rest_route=%2Fwp%2Fv2%2Fcomments&post=5619"}],"version-history":[{"count":20,"href":"https:\/\/www.siniscalchiassociati.it\/index.php?rest_route=\/wp\/v2\/pages\/5619\/revisions"}],"predecessor-version":[{"id":6034,"href":"https:\/\/www.siniscalchiassociati.it\/index.php?rest_route=\/wp\/v2\/pages\/5619\/revisions\/6034"}],"wp:featuredmedia":[{"embeddable":true,"href":"https:\/\/www.siniscalchiassociati.it\/index.php?rest_route=\/wp\/v2\/media\/5781"}],"wp:attachment":[{"href":"https:\/\/www.siniscalchiassociati.it\/index.php?rest_route=%2Fwp%2Fv2%2Fmedia&parent=5619"}],"curies":[{"name":"wp","href":"https:\/\/api.w.org\/{rel}","templated":true}]}}